{"id":2105,"date":"2022-11-22T09:23:52","date_gmt":"2022-11-22T09:23:52","guid":{"rendered":"https:\/\/www.brasilia.coffee\/?page_id=2105"},"modified":"2024-12-16T15:05:00","modified_gmt":"2024-12-16T15:05:00","slug":"apres-vente-bianchi-industry","status":"publish","type":"page","link":"https:\/\/brasilia.coffee\/fr\/apres-vente-bianchi-industry\/","title":{"rendered":"Apr\u00e8S-Vente Bianchi Industry"},"content":{"rendered":"<p>Une \u00e9quipe de professionnels qui se consacre chaque jour \u00e0 garantir les meilleures prestations pour les produits Bianchi Vending et Brasilia. La division After Sales de Bianchi Industry a renforc\u00e9 progressivement ses liens avec l\u2019\u2019activit\u00e9 commerciale du groupe et, au travers du portail B2B, met \u00e0 disposition de ses clients un service direct pour la recherche et l\u2019achat de pi\u00e8ces d\u00e9tach\u00e9es .<br \/>\nL\u2019objectif de Bianchi Industry After Sales est d&rsquo; am\u00e9liorer l\u2019efficacit\u00e9 du groupe en mati\u00e8re de gestion des pi\u00e8ces d\u00e9tach\u00e9es. D\u2019autre part, un laboratoire \u00e9lectronique travaillant en collaboration avec la division R&amp;D et avec le secteur \u00e9lectronique de Bianchi Industry a \u00e9t\u00e9 mis en place en vue d\u2019optimiser le contr\u00f4le des produits .<\/p>\n<p><strong>Revente de pi\u00e8ces d\u00e9tach\u00e9es<\/strong><\/p>\n<ul style=\"padding: 0 0 25px 20px;\">\n<li>Service de gestion et de distribution de pi\u00e8ces d\u00e9tach\u00e9es pour les marques Bianchi Vending et Brasilia, directement ou au travers du portail B2B accessible en effectuant le login .<\/li>\n<li>Permet de commander des pi\u00e8ces d\u00e9tach\u00e9es en ligne et de t\u00e9l\u00e9charger la documentation technique.<\/li>\n<li>Cr\u00e9ation de kits de pi\u00e8ces d\u00e9tach\u00e9es d\u00e9di\u00e9s \u00e0 chaque client .<\/li>\n<li>Fourniture de pi\u00e8ces d\u00e9tach\u00e9es g\u00e9n\u00e9riques (ex. \u00e9lectrovalves compatibles avec d\u2019autres marques) .<\/li>\n<li>Analyse du parc de pi\u00e8ces d\u00e9tach\u00e9es et services associ\u00e9s .<\/li>\n<\/ul>\n<p><strong>R\u00e9paration<\/strong><\/p>\n<ul style=\"padding: 0 0 25px 20px;\">\n<li>Service r\u00e9paration des cartes \u00e9lectroniques Bianchi Industry et d\u2019autres fabricants .<\/li>\n<li>Assistance et r\u00e9paration des syst\u00e8mes de paiement .<\/li>\n<\/ul>\n<p class=\"text-highlight\"><strong>APPLICATION \u00ab\u00a0AREA SERVICE\u00a0\u00bb<\/strong><\/p>\n<p>Vous pouvez d\u00e9sormais acheter vos pi\u00e8ces d\u00e9tach\u00e9es Bianchi Vending ou Brasilia depuis votre smartphone ou votre tablette gr\u00e2ce \u00e0 la nouvelle application \u00ab Area Service \u00bb, disponible pour iOS et Android. Cette nouveaut\u00e9 vous permet d\u2019utiliser notre boutique en ligne, enrichie de nouveaux contenus, o\u00f9 que vous soyez et non plus seulement de votre bureau.<br \/>\nPour entrer dans notre boutique en ligne depuis l\u2019application \u00ab Area Service \u00bb, il vous suffira de saisir les m\u00eames codes que ceux utilis\u00e9s pour y acc\u00e9der depuis votre ordinateur. Et si vous devez encore vous enregistrer, entrez dans la zone r\u00e9serv\u00e9e de bianchiindustry.com et remplissez le formulaire d\u00e9di\u00e9 \u00e0 la boutique en ligne.<br \/>\nNon seulement \u00ab Area Service \u00bb vous permet de faire des commandes, de t\u00e9l\u00e9charger la documentation relative aux machines et de d\u00e9couvrir tous nos services, mais elle simplifie aussi votre travail gr\u00e2ce \u00e0 ses nombreuses fonctionnalit\u00e9s intelligentes. Par exemple, vous pouvez en un clin d\u2019\u0153il visualiser tout ce dont vous avez besoin pour votre distributeur en photographiant son code-barres, sans devoir ins\u00e9rer la r\u00e9f\u00e9rence manuellement.<\/p>\n<p>T\u00e9l\u00e9chargez d\u00e8s \u00e0 pr\u00e9sent \u00ab Area Service \u00bb et simplifiez-vous la vie en nous ayant chaque jour \u00e0 vos c\u00f4t\u00e9s.<\/p>\n<div class=\"row\">\n<div class=\"col-sm-4\" style=\"margin-bottom: 10px;\"><a href=\"https:\/\/itunes.apple.com\/gb\/app\/bianchi-industry-area-service\/id1133994842?mt=8\"><img loading=\"lazy\" decoding=\"async\" class=\"alignnone size-full wp-image-155\" src=\"https:\/\/www.brasilia.coffee\/wp-content\/uploads\/2022\/11\/download.jpg\" alt=\"\" width=\"60\" height=\"50\" \/> T\u00e9l\u00e9charger l\u2019application pour\u00a0iOS<\/a><\/div>\n<div class=\"col-sm-4\" style=\"margin-bottom: 10px;\"><a href=\"https:\/\/play.google.com\/store\/apps\/details?id=it.topgraf.mobile.bianchiindustry\"><img loading=\"lazy\" decoding=\"async\" class=\"alignnone size-full wp-image-155\" src=\"https:\/\/www.brasilia.coffee\/wp-content\/uploads\/2022\/11\/download.jpg\" alt=\"\" width=\"60\" height=\"50\" \/>T\u00e9l\u00e9charger l\u2019application pour\u00a0Android<\/a><\/div>\n<\/div>\n<p>&nbsp;<\/p>\n<p><strong>Bianchi Industry After Sales Srl<\/strong><\/p>\n<p><i class=\"fal fa-map-marker-alt\" style=\"margin-right: 5px;\" aria-hidden=\"true\"><\/i> Via Primo Maggio 6, 10043 Orbassano, Torino, Italy<br \/>\n<i class=\"fal fa-envelope\" style=\"margin-right: 5px;\" aria-hidden=\"true\"><\/i> <a href=\"mailto:info.bias@bianchiindustry.com\">info.bias@bianchiindustry.com<\/a><br \/>\n<i class=\"fal fa-phone\" style=\"margin-right: 5px;\" aria-hidden=\"true\"><\/i> t. +39.011.902.3830, f. +39.011.900.0578<\/p>\n","protected":false},"excerpt":{"rendered":"<p>Une \u00e9quipe de professionnels qui se consacre chaque jour \u00e0 garantir les meilleures prestations pour les produits Bianchi Vending et Brasilia. La division After Sales de Bianchi Industry a renforc\u00e9 progressivement ses liens avec l\u2019\u2019activit\u00e9 commerciale du groupe et, au travers du portail B2B, met \u00e0 disposition de ses clients un service direct pour la [&hellip;]<\/p>\n","protected":false},"author":1,"featured_media":2967,"parent":0,"menu_order":0,"comment_status":"closed","ping_status":"closed","template":"page-after-sales.php","meta":{"_acf_changed":false,"inline_featured_image":false,"footnotes":""},"class_list":["post-2105","page","type-page","status-publish","has-post-thumbnail","hentry"],"acf":[],"yoast_head":"<!-- This site is optimized with the Yoast SEO plugin v24.0 - https:\/\/yoast.com\/wordpress\/plugins\/seo\/ -->\n<title>After Sales: assistenza tecnica post vendita - Brasilia<\/title>\n<meta name=\"description\" content=\"Brasilia After Sales fornisce servizi di assistenza post vendita a tutti i clienti della famiglia Bianchi Industry.\" \/>\n<meta name=\"robots\" content=\"index, follow, max-snippet:-1, max-image-preview:large, max-video-preview:-1\" \/>\n<link rel=\"canonical\" href=\"https:\/\/brasilia.coffee\/bianchi-industry-after-sales\/\" \/>\n<meta property=\"og:locale\" content=\"fr_FR\" \/>\n<meta property=\"og:type\" content=\"article\" \/>\n<meta property=\"og:title\" content=\"After Sales: assistenza tecnica post vendita - Brasilia\" \/>\n<meta property=\"og:description\" content=\"Brasilia After Sales fornisce servizi di assistenza post vendita a tutti i clienti della famiglia Bianchi Industry.\" \/>\n<meta property=\"og:url\" content=\"https:\/\/brasilia.coffee\/bianchi-industry-after-sales\/\" \/>\n<meta property=\"og:site_name\" content=\"Brasilia\" \/>\n<meta property=\"article:modified_time\" content=\"2024-12-16T15:05:00+00:00\" \/>\n<meta property=\"og:image\" content=\"https:\/\/brasilia.coffee\/wp-content\/uploads\/2024\/12\/after-sales-banner.jpg\" \/>\n\t<meta property=\"og:image:width\" content=\"2048\" \/>\n\t<meta property=\"og:image:height\" content=\"1338\" \/>\n\t<meta property=\"og:image:type\" content=\"image\/jpeg\" \/>\n<meta name=\"twitter:card\" content=\"summary_large_image\" \/>\n<meta name=\"twitter:label1\" content=\"Dur\u00e9e de lecture estim\u00e9e\" \/>\n\t<meta name=\"twitter:data1\" content=\"3 minutes\" \/>\n<script type=\"application\/ld+json\" class=\"yoast-schema-graph\">{\"@context\":\"https:\/\/schema.org\",\"@graph\":[{\"@type\":\"WebPage\",\"@id\":\"https:\/\/brasilia.coffee\/bianchi-industry-after-sales\/\",\"url\":\"https:\/\/brasilia.coffee\/bianchi-industry-after-sales\/\",\"name\":\"After Sales: assistenza tecnica post vendita - Brasilia\",\"isPartOf\":{\"@id\":\"https:\/\/brasilia.coffee\/#website\"},\"primaryImageOfPage\":{\"@id\":\"https:\/\/brasilia.coffee\/bianchi-industry-after-sales\/#primaryimage\"},\"image\":{\"@id\":\"https:\/\/brasilia.coffee\/bianchi-industry-after-sales\/#primaryimage\"},\"thumbnailUrl\":\"https:\/\/brasilia.coffee\/wp-content\/uploads\/2024\/12\/after-sales-banner.jpg\",\"datePublished\":\"2022-11-22T09:23:52+00:00\",\"dateModified\":\"2024-12-16T15:05:00+00:00\",\"description\":\"Brasilia After Sales fornisce servizi di assistenza post vendita a tutti i clienti della famiglia Bianchi Industry.\",\"inLanguage\":\"fr-FR\",\"potentialAction\":[{\"@type\":\"ReadAction\",\"target\":[\"https:\/\/brasilia.coffee\/bianchi-industry-after-sales\/\"]}]},{\"@type\":\"ImageObject\",\"inLanguage\":\"fr-FR\",\"@id\":\"https:\/\/brasilia.coffee\/bianchi-industry-after-sales\/#primaryimage\",\"url\":\"https:\/\/brasilia.coffee\/wp-content\/uploads\/2024\/12\/after-sales-banner.jpg\",\"contentUrl\":\"https:\/\/brasilia.coffee\/wp-content\/uploads\/2024\/12\/after-sales-banner.jpg\",\"width\":2048,\"height\":1338},{\"@type\":\"WebSite\",\"@id\":\"https:\/\/brasilia.coffee\/#website\",\"url\":\"https:\/\/brasilia.coffee\/\",\"name\":\"Brasilia\",\"description\":\"\",\"potentialAction\":[{\"@type\":\"SearchAction\",\"target\":{\"@type\":\"EntryPoint\",\"urlTemplate\":\"https:\/\/brasilia.coffee\/?s={search_term_string}\"},\"query-input\":{\"@type\":\"PropertyValueSpecification\",\"valueRequired\":true,\"valueName\":\"search_term_string\"}}],\"inLanguage\":\"fr-FR\"}]}<\/script>\n<!-- \/ Yoast SEO plugin. -->","yoast_head_json":{"title":"After Sales: assistenza tecnica post vendita - Brasilia","description":"Brasilia After Sales fornisce servizi di assistenza post vendita a tutti i clienti della famiglia Bianchi Industry.","robots":{"index":"index","follow":"follow","max-snippet":"max-snippet:-1","max-image-preview":"max-image-preview:large","max-video-preview":"max-video-preview:-1"},"canonical":"https:\/\/brasilia.coffee\/bianchi-industry-after-sales\/","og_locale":"fr_FR","og_type":"article","og_title":"After Sales: assistenza tecnica post vendita - Brasilia","og_description":"Brasilia After Sales fornisce servizi di assistenza post vendita a tutti i clienti della famiglia Bianchi Industry.","og_url":"https:\/\/brasilia.coffee\/bianchi-industry-after-sales\/","og_site_name":"Brasilia","article_modified_time":"2024-12-16T15:05:00+00:00","og_image":[{"width":2048,"height":1338,"url":"https:\/\/brasilia.coffee\/wp-content\/uploads\/2024\/12\/after-sales-banner.jpg","type":"image\/jpeg"}],"twitter_card":"summary_large_image","twitter_misc":{"Dur\u00e9e de lecture estim\u00e9e":"3 minutes"},"schema":{"@context":"https:\/\/schema.org","@graph":[{"@type":"WebPage","@id":"https:\/\/brasilia.coffee\/bianchi-industry-after-sales\/","url":"https:\/\/brasilia.coffee\/bianchi-industry-after-sales\/","name":"After Sales: assistenza tecnica post vendita - Brasilia","isPartOf":{"@id":"https:\/\/brasilia.coffee\/#website"},"primaryImageOfPage":{"@id":"https:\/\/brasilia.coffee\/bianchi-industry-after-sales\/#primaryimage"},"image":{"@id":"https:\/\/brasilia.coffee\/bianchi-industry-after-sales\/#primaryimage"},"thumbnailUrl":"https:\/\/brasilia.coffee\/wp-content\/uploads\/2024\/12\/after-sales-banner.jpg","datePublished":"2022-11-22T09:23:52+00:00","dateModified":"2024-12-16T15:05:00+00:00","description":"Brasilia After Sales fornisce servizi di assistenza post vendita a tutti i clienti della famiglia Bianchi Industry.","inLanguage":"fr-FR","potentialAction":[{"@type":"ReadAction","target":["https:\/\/brasilia.coffee\/bianchi-industry-after-sales\/"]}]},{"@type":"ImageObject","inLanguage":"fr-FR","@id":"https:\/\/brasilia.coffee\/bianchi-industry-after-sales\/#primaryimage","url":"https:\/\/brasilia.coffee\/wp-content\/uploads\/2024\/12\/after-sales-banner.jpg","contentUrl":"https:\/\/brasilia.coffee\/wp-content\/uploads\/2024\/12\/after-sales-banner.jpg","width":2048,"height":1338},{"@type":"WebSite","@id":"https:\/\/brasilia.coffee\/#website","url":"https:\/\/brasilia.coffee\/","name":"Brasilia","description":"","potentialAction":[{"@type":"SearchAction","target":{"@type":"EntryPoint","urlTemplate":"https:\/\/brasilia.coffee\/?s={search_term_string}"},"query-input":{"@type":"PropertyValueSpecification","valueRequired":true,"valueName":"search_term_string"}}],"inLanguage":"fr-FR"}]}},"_links":{"self":[{"href":"https:\/\/brasilia.coffee\/fr\/wp-json\/wp\/v2\/pages\/2105","targetHints":{"allow":["GET"]}}],"collection":[{"href":"https:\/\/brasilia.coffee\/fr\/wp-json\/wp\/v2\/pages"}],"about":[{"href":"https:\/\/brasilia.coffee\/fr\/wp-json\/wp\/v2\/types\/page"}],"author":[{"embeddable":true,"href":"https:\/\/brasilia.coffee\/fr\/wp-json\/wp\/v2\/users\/1"}],"replies":[{"embeddable":true,"href":"https:\/\/brasilia.coffee\/fr\/wp-json\/wp\/v2\/comments?post=2105"}],"version-history":[{"count":3,"href":"https:\/\/brasilia.coffee\/fr\/wp-json\/wp\/v2\/pages\/2105\/revisions"}],"predecessor-version":[{"id":3434,"href":"https:\/\/brasilia.coffee\/fr\/wp-json\/wp\/v2\/pages\/2105\/revisions\/3434"}],"wp:featuredmedia":[{"embeddable":true,"href":"https:\/\/brasilia.coffee\/fr\/wp-json\/wp\/v2\/media\/2967"}],"wp:attachment":[{"href":"https:\/\/brasilia.coffee\/fr\/wp-json\/wp\/v2\/media?parent=2105"}],"curies":[{"name":"wp","href":"https:\/\/api.w.org\/{rel}","templated":true}]}}